{"id":6410,"date":"2026-04-30T07:47:09","date_gmt":"2026-04-30T10:47:09","guid":{"rendered":"https:\/\/evgmania.com.br\/?post_type=product&#038;p=6410"},"modified":"2026-04-30T07:47:09","modified_gmt":"2026-04-30T10:47:09","slug":"blood-omen-legacy-of-kain-p-ps1-original-usado","status":"publish","type":"product","link":"https:\/\/evgmania.com.br\/?product=blood-omen-legacy-of-kain-p-ps1-original-usado","title":{"rendered":"Blood Omen: Legacy of Kain p\/ PS1 Original Usado"},"content":{"rendered":"<p>Blood Omen: Legacy of Kain p\/ PS1 Original Usado<\/p>\n<p>GAME USADO<br \/>\nGame Original, Americano<br \/>\nCompleto<br \/>\nDisco: EXCELENTE<br \/>\nManual: EXCELENTE<br \/>\nEncarte Traseiro: EXCELENTE<br \/>\nCaixa: EXCELENTE<br \/>\n*** O item das fotos \u00e9 exatamente o item que voc\u00ea vai receber ***<\/p>\n<p>Pagamentos confirmados at\u00e9 as 14h, envio no mesmo dia.<br \/>\nEnvios em CAIXAS !<\/p>\n<p>*** Tabela de como avalio meus CD\/DVD\/Bluray usados ***<br \/>\n&#8211; Perfeito: Nenhuma marca vis\u00edvel.<br \/>\n&#8211; Excelente: Pequenos detalhes quase impercept\u00edveis.<br \/>\n&#8211; Bom: Possui alguns micro riscos normais de uso.<br \/>\n&#8211; Razo\u00e1vel: Marcas aparentes de uso em boa parte do DVD. (Funciona 100%)<br \/>\n&#8211; N\u00e3o funcional: Com defeito.<\/p>\n<p>ATEN\u00c7\u00c3O !!!<br \/>\n&#8211; Todo envio ocorre via Correio ou via plataforma de vendas, o vendedor n\u00e3o tem responsabilidade sobre prazo de entrega, pre\u00e7o de frete ou rastreio de compras, sendo essas informa\u00e7\u00f5es responsabilidade da plataforma de vendas.<br \/>\n&#8211; Qualquer reclama\u00e7\u00e3o sobre atraso de qualquer natureza ou extravio, contate diretamente a plataforma.<br \/>\n&#8211; Garantia n\u00e3o cobre danos devido ao mau uso.<\/p>\n<p>Ao clicar em comprar, o usu\u00e1rio comprador declara estar ciente do conte\u00fado do an\u00fancio, bem como das condi\u00e7\u00f5es mencionadas no mesmo.<\/p>\n","protected":false},"excerpt":{"rendered":"<p>Blood Omen: Legacy of Kain p\/ PS1 Original Usado GAME USADO Game Original, Americano Completo Disco: EXCELENTE Manual: EXCELENTE Encarte Traseiro: EXCELENTE Caixa: EXCELENTE *** O item das fotos \u00e9 exatamente o item que voc\u00ea vai receber *** Pagamentos confirmados at\u00e9 as 14h, envio no mesmo dia. Envios em CAIXAS ! *** Tabela de como [&hellip;]<\/p>\n","protected":false},"featured_media":6411,"template":"","meta":{"_uag_custom_page_level_css":"","site-sidebar-layout":"default","site-content-layout":"","ast-site-content-layout":"default","site-content-style":"default","site-sidebar-style":"default","ast-global-header-display":"","ast-banner-title-visibility":"","ast-main-header-display":"","ast-hfb-above-header-display":"","ast-hfb-below-header-display":"","ast-hfb-mobile-header-display":"","site-post-title":"","ast-breadcrumbs-content":"","ast-featured-img":"","footer-sml-layout":"","ast-disable-related-posts":"","theme-transparent-header-meta":"default","adv-header-id-meta":"","stick-header-meta":"","header-above-stick-meta":"","header-main-stick-meta":"","header-below-stick-meta":"","astra-migrate-meta-layouts":"set","ast-page-background-enabled":"default","ast-page-background-meta":{"desktop":{"background-color":"","background-image":"","background-repeat":"repeat","background-position":"center center","background-size":"auto","background-attachment":"scroll","background-type":"","background-media":"","overlay-type":"","overlay-color":"","overlay-opacity":"","overlay-gradient":""},"tablet":{"background-color":"","background-image":"","background-repeat":"repeat","background-position":"center center","background-size":"auto","background-attachment":"scroll","background-type":"","background-media":"","overlay-type":"","overlay-color":"","overlay-opacity":"","overlay-gradient":""},"mobile":{"background-color":"","background-image":"","background-repeat":"repeat","background-position":"center center","background-size":"auto","background-attachment":"scroll","background-type":"","background-media":"","overlay-type":"","overlay-color":"","overlay-opacity":"","overlay-gradient":""}},"ast-content-background-meta":{"desktop":{"background-color":"var(--ast-global-color-5)","background-image":"","background-repeat":"repeat","background-position":"center center","background-size":"auto","background-attachment":"scroll","background-type":"","background-media":"","overlay-type":"","overlay-color":"","overlay-opacity":"","overlay-gradient":""},"tablet":{"background-color":"var(--ast-global-color-5)","background-image":"","background-repeat":"repeat","background-position":"center center","background-size":"auto","background-attachment":"scroll","background-type":"","background-media":"","overlay-type":"","overlay-color":"","overlay-opacity":"","overlay-gradient":""},"mobile":{"background-color":"var(--ast-global-color-5)","background-image":"","background-repeat":"repeat","background-position":"center center","background-size":"auto","background-attachment":"scroll","background-type":"","background-media":"","overlay-type":"","overlay-color":"","overlay-opacity":"","overlay-gradient":""}}},"product_brand":[],"product_cat":[54,15,47],"product_tag":[],"class_list":{"0":"post-6410","1":"product","2":"type-product","3":"status-publish","4":"has-post-thumbnail","6":"product_cat-exclusivo","7":"product_cat-games","8":"product_cat-ps1","9":"desktop-align-center","10":"tablet-align-center","11":"mobile-align-center","13":"first","14":"instock","15":"shipping-taxable","16":"purchasable","17":"product-type-simple"},"aioseo_notices":[],"uagb_featured_image_src":{"full":["https:\/\/evgmania.com.br\/wp-content\/uploads\/2026\/04\/409.jpg",2448,1843,false],"thumbnail":["https:\/\/evgmania.com.br\/wp-content\/uploads\/2026\/04\/409-150x150.jpg",150,150,true],"medium":["https:\/\/evgmania.com.br\/wp-content\/uploads\/2026\/04\/409-300x226.jpg",300,226,true],"medium_large":["https:\/\/evgmania.com.br\/wp-content\/uploads\/2026\/04\/409-768x578.jpg",768,578,true],"large":["https:\/\/evgmania.com.br\/wp-content\/uploads\/2026\/04\/409-1024x771.jpg",1024,771,true],"1536x1536":["https:\/\/evgmania.com.br\/wp-content\/uploads\/2026\/04\/409-1536x1156.jpg",1536,1156,true],"2048x2048":["https:\/\/evgmania.com.br\/wp-content\/uploads\/2026\/04\/409-2048x1542.jpg",2048,1542,true],"woocommerce_thumbnail":["https:\/\/evgmania.com.br\/wp-content\/uploads\/2026\/04\/409-300x300.jpg",300,300,true],"woocommerce_single":["https:\/\/evgmania.com.br\/wp-content\/uploads\/2026\/04\/409-600x452.jpg",600,452,true],"woocommerce_gallery_thumbnail":["https:\/\/evgmania.com.br\/wp-content\/uploads\/2026\/04\/409-100x100.jpg",100,100,true]},"uagb_author_info":{"display_name":"fulano detal","author_link":"https:\/\/evgmania.com.br\/?author=0"},"uagb_comment_info":0,"uagb_excerpt":"Blood Omen: Legacy of Kain p\/ PS1 Original Usado GAME USADO Game Original, Americano Completo Disco: EXCELENTE Manual: EXCELENTE Encarte Traseiro: EXCELENTE Caixa: EXCELENTE *** O item das fotos \u00e9 exatamente o item que voc\u00ea vai receber *** Pagamentos confirmados at\u00e9 as 14h, envio no mesmo dia. Envios em CAIXAS ! *** Tabela de como&hellip;","_links":{"self":[{"href":"https:\/\/evgmania.com.br\/index.php?rest_route=\/wp\/v2\/product\/6410","targetHints":{"allow":["GET"]}}],"collection":[{"href":"https:\/\/evgmania.com.br\/index.php?rest_route=\/wp\/v2\/product"}],"about":[{"href":"https:\/\/evgmania.com.br\/index.php?rest_route=\/wp\/v2\/types\/product"}],"wp:featuredmedia":[{"embeddable":true,"href":"https:\/\/evgmania.com.br\/index.php?rest_route=\/wp\/v2\/media\/6411"}],"wp:attachment":[{"href":"https:\/\/evgmania.com.br\/index.php?rest_route=%2Fwp%2Fv2%2Fmedia&parent=6410"}],"wp:term":[{"taxonomy":"product_brand","embeddable":true,"href":"https:\/\/evgmania.com.br\/index.php?rest_route=%2Fwp%2Fv2%2Fproduct_brand&post=6410"},{"taxonomy":"product_cat","embeddable":true,"href":"https:\/\/evgmania.com.br\/index.php?rest_route=%2Fwp%2Fv2%2Fproduct_cat&post=6410"},{"taxonomy":"product_tag","embeddable":true,"href":"https:\/\/evgmania.com.br\/index.php?rest_route=%2Fwp%2Fv2%2Fproduct_tag&post=6410"}],"curies":[{"name":"wp","href":"https:\/\/api.w.org\/{rel}","templated":true}]}}