{"id":6318,"date":"2026-04-21T19:21:52","date_gmt":"2026-04-21T22:21:52","guid":{"rendered":"https:\/\/evgmania.com.br\/?post_type=product&#038;p=6318"},"modified":"2026-04-21T19:21:52","modified_gmt":"2026-04-21T22:21:52","slug":"super-monaco-gp-p-mega-drive-original-completo-usado","status":"publish","type":"product","link":"https:\/\/evgmania.com.br\/?product=super-monaco-gp-p-mega-drive-original-completo-usado","title":{"rendered":"Super Monaco GP p\/ Mega Drive Original Completo Usado"},"content":{"rendered":"<p>Super Monaco GP p\/ Mega Drive Original Completo Usado<\/p>\n<p>GAME USADO<br \/>\nGame Original, Americano<br \/>\nFunciona nos consoles Mega Drive Nacional, ou Genesis Americano.<br \/>\nCompleto<br \/>\nCartucho: EXCELENTE\/PERFEITO<br \/>\nLabel: EXCELENTE\/PERFEITO<br \/>\nManual: EXCELENTE\/PERFEITO<br \/>\nEncarte Externo: EXCELENTE\/PERFEITO<br \/>\nCaixa: EXCELENTE\/PERFEITO<br \/>\n*** O item das fotos \u00e9 exatamente o item que voc\u00ea vai receber ***<\/p>\n<p>Pagamentos confirmados at\u00e9 as 14h, envio no mesmo dia.<br \/>\nEnvios em CAIXAS !<\/p>\n<p>*** Tabela de como avalio meus Cartuchos usados ***<br \/>\n&#8211; Perfeito: Nenhuma marca vis\u00edvel.<br \/>\n&#8211; Excelente: Pequenos detalhes.<br \/>\n&#8211; Bom: Possui algumas marcas de uso de acordo com a idade do produto.<br \/>\n&#8211; Razo\u00e1vel: Possui marcas de uso intenso.<br \/>\n&#8211; Ruim: Possui marcas severas de uso, com poss\u00edveis rasgos no label, e\/ou poss\u00edveis defeitos na carca\u00e7a do cartucho.<br \/>\n&#8211; N\u00e3o funcional: Com defeito.<\/p>\n<p>ATEN\u00c7\u00c3O !!!<br \/>\n&#8211; Todo envio ocorre via Correio ou via plataforma de vendas, o vendedor n\u00e3o tem responsabilidade sobre prazo de entrega, pre\u00e7o de frete ou rastreio de compras, sendo essas informa\u00e7\u00f5es responsabilidade da plataforma de vendas.<br \/>\n&#8211; Qualquer reclama\u00e7\u00e3o sobre atraso de qualquer natureza ou extravio, contate diretamente a plataforma.<br \/>\n&#8211; Garantia n\u00e3o cobre danos devido ao mau uso.<\/p>\n<p>Ao clicar em comprar, o usu\u00e1rio comprador declara estar ciente do conte\u00fado do an\u00fancio, bem como das condi\u00e7\u00f5es mencionadas no mesmo.<\/p>\n","protected":false},"excerpt":{"rendered":"<p>Super Monaco GP p\/ Mega Drive Original Completo Usado GAME USADO Game Original, Americano Funciona nos consoles Mega Drive Nacional, ou Genesis Americano. Completo Cartucho: EXCELENTE\/PERFEITO Label: EXCELENTE\/PERFEITO Manual: EXCELENTE\/PERFEITO Encarte Externo: EXCELENTE\/PERFEITO Caixa: EXCELENTE\/PERFEITO *** O item das fotos \u00e9 exatamente o item que voc\u00ea vai receber *** Pagamentos confirmados at\u00e9 as 14h, envio [&hellip;]<\/p>\n","protected":false},"featured_media":6319,"template":"","meta":{"_uag_custom_page_level_css":"","site-sidebar-layout":"default","site-content-layout":"","ast-site-content-layout":"default","site-content-style":"default","site-sidebar-style":"default","ast-global-header-display":"","ast-banner-title-visibility":"","ast-main-header-display":"","ast-hfb-above-header-display":"","ast-hfb-below-header-display":"","ast-hfb-mobile-header-display":"","site-post-title":"","ast-breadcrumbs-content":"","ast-featured-img":"","footer-sml-layout":"","ast-disable-related-posts":"","theme-transparent-header-meta":"default","adv-header-id-meta":"","stick-header-meta":"","header-above-stick-meta":"","header-main-stick-meta":"","header-below-stick-meta":"","astra-migrate-meta-layouts":"set","ast-page-background-enabled":"default","ast-page-background-meta":{"desktop":{"background-color":"","background-image":"","background-repeat":"repeat","background-position":"center center","background-size":"auto","background-attachment":"scroll","background-type":"","background-media":"","overlay-type":"","overlay-color":"","overlay-opacity":"","overlay-gradient":""},"tablet":{"background-color":"","background-image":"","background-repeat":"repeat","background-position":"center center","background-size":"auto","background-attachment":"scroll","background-type":"","background-media":"","overlay-type":"","overlay-color":"","overlay-opacity":"","overlay-gradient":""},"mobile":{"background-color":"","background-image":"","background-repeat":"repeat","background-position":"center center","background-size":"auto","background-attachment":"scroll","background-type":"","background-media":"","overlay-type":"","overlay-color":"","overlay-opacity":"","overlay-gradient":""}},"ast-content-background-meta":{"desktop":{"background-color":"var(--ast-global-color-5)","background-image":"","background-repeat":"repeat","background-position":"center center","background-size":"auto","background-attachment":"scroll","background-type":"","background-media":"","overlay-type":"","overlay-color":"","overlay-opacity":"","overlay-gradient":""},"tablet":{"background-color":"var(--ast-global-color-5)","background-image":"","background-repeat":"repeat","background-position":"center center","background-size":"auto","background-attachment":"scroll","background-type":"","background-media":"","overlay-type":"","overlay-color":"","overlay-opacity":"","overlay-gradient":""},"mobile":{"background-color":"var(--ast-global-color-5)","background-image":"","background-repeat":"repeat","background-position":"center center","background-size":"auto","background-attachment":"scroll","background-type":"","background-media":"","overlay-type":"","overlay-color":"","overlay-opacity":"","overlay-gradient":""}}},"product_brand":[],"product_cat":[15,52],"product_tag":[],"class_list":{"0":"post-6318","1":"product","2":"type-product","3":"status-publish","4":"has-post-thumbnail","6":"product_cat-games","7":"product_cat-sega","8":"desktop-align-center","9":"tablet-align-center","10":"mobile-align-center","12":"first","13":"instock","14":"shipping-taxable","15":"purchasable","16":"product-type-simple"},"aioseo_notices":[],"uagb_featured_image_src":{"full":["https:\/\/evgmania.com.br\/wp-content\/uploads\/2026\/04\/187.jpg",1814,2419,false],"thumbnail":["https:\/\/evgmania.com.br\/wp-content\/uploads\/2026\/04\/187-150x150.jpg",150,150,true],"medium":["https:\/\/evgmania.com.br\/wp-content\/uploads\/2026\/04\/187-225x300.jpg",225,300,true],"medium_large":["https:\/\/evgmania.com.br\/wp-content\/uploads\/2026\/04\/187-768x1024.jpg",768,1024,true],"large":["https:\/\/evgmania.com.br\/wp-content\/uploads\/2026\/04\/187-768x1024.jpg",768,1024,true],"1536x1536":["https:\/\/evgmania.com.br\/wp-content\/uploads\/2026\/04\/187-1152x1536.jpg",1152,1536,true],"2048x2048":["https:\/\/evgmania.com.br\/wp-content\/uploads\/2026\/04\/187-1536x2048.jpg",1536,2048,true],"woocommerce_thumbnail":["https:\/\/evgmania.com.br\/wp-content\/uploads\/2026\/04\/187-300x300.jpg",300,300,true],"woocommerce_single":["https:\/\/evgmania.com.br\/wp-content\/uploads\/2026\/04\/187-600x800.jpg",600,800,true],"woocommerce_gallery_thumbnail":["https:\/\/evgmania.com.br\/wp-content\/uploads\/2026\/04\/187-100x100.jpg",100,100,true]},"uagb_author_info":{"display_name":"fulano detal","author_link":"https:\/\/evgmania.com.br\/?author=0"},"uagb_comment_info":0,"uagb_excerpt":"Super Monaco GP p\/ Mega Drive Original Completo Usado GAME USADO Game Original, Americano Funciona nos consoles Mega Drive Nacional, ou Genesis Americano. Completo Cartucho: EXCELENTE\/PERFEITO Label: EXCELENTE\/PERFEITO Manual: EXCELENTE\/PERFEITO Encarte Externo: EXCELENTE\/PERFEITO Caixa: EXCELENTE\/PERFEITO *** O item das fotos \u00e9 exatamente o item que voc\u00ea vai receber *** Pagamentos confirmados at\u00e9 as 14h, envio&hellip;","_links":{"self":[{"href":"https:\/\/evgmania.com.br\/index.php?rest_route=\/wp\/v2\/product\/6318","targetHints":{"allow":["GET"]}}],"collection":[{"href":"https:\/\/evgmania.com.br\/index.php?rest_route=\/wp\/v2\/product"}],"about":[{"href":"https:\/\/evgmania.com.br\/index.php?rest_route=\/wp\/v2\/types\/product"}],"wp:featuredmedia":[{"embeddable":true,"href":"https:\/\/evgmania.com.br\/index.php?rest_route=\/wp\/v2\/media\/6319"}],"wp:attachment":[{"href":"https:\/\/evgmania.com.br\/index.php?rest_route=%2Fwp%2Fv2%2Fmedia&parent=6318"}],"wp:term":[{"taxonomy":"product_brand","embeddable":true,"href":"https:\/\/evgmania.com.br\/index.php?rest_route=%2Fwp%2Fv2%2Fproduct_brand&post=6318"},{"taxonomy":"product_cat","embeddable":true,"href":"https:\/\/evgmania.com.br\/index.php?rest_route=%2Fwp%2Fv2%2Fproduct_cat&post=6318"},{"taxonomy":"product_tag","embeddable":true,"href":"https:\/\/evgmania.com.br\/index.php?rest_route=%2Fwp%2Fv2%2Fproduct_tag&post=6318"}],"curies":[{"name":"wp","href":"https:\/\/api.w.org\/{rel}","templated":true}]}}