{"id":5947,"date":"2026-04-16T04:31:01","date_gmt":"2026-04-16T07:31:01","guid":{"rendered":"https:\/\/evgmania.com.br\/?post_type=product&#038;p=5947"},"modified":"2026-04-16T06:39:24","modified_gmt":"2026-04-16T09:39:24","slug":"pac-man-world-2-p-xbox-classico-original-2","status":"publish","type":"product","link":"https:\/\/evgmania.com.br\/?product=pac-man-world-2-p-xbox-classico-original-2","title":{"rendered":"Pac-man World 2 P\/ Xbox Cl\u00e1ssico Original"},"content":{"rendered":"<p>Pac-Man World 2 p\/ Xbox Cl\u00e1ssico Original<\/p>\n<p>*** N\u00c3O Compat\u00edvel com os consoles Xbox 360 ***<\/p>\n<p>GAME USADO<br \/>\nGame Original, NTSC-U (Americano)<br \/>\nFunciona nos consoles Xbox Nacionais\/Americanos<br \/>\nCompleto<br \/>\nDisco: EXCELENTE<br \/>\nManual: EXCELENTE<br \/>\nEncarte: BOM\/EXCELENTE<br \/>\nCaixa: EXCELENTE<br \/>\n* Inclui 2 inserts extras<br \/>\n*** O item das fotos \u00e9 exatamente o item que voc\u00ea vai receber ***<\/p>\n<p>Pagamentos confirmados at\u00e9 as 14h, envio no mesmo dia.<br \/>\nEnvios em CAIXAS !<\/p>\n<p>Tabela de como avalio meus CD\/DVD\/Bluray usados:<br \/>\nPerfeito: Nenhuma marca vis\u00edvel.<br \/>\nExcelente: Pequenos detalhes quase impercept\u00edveis.<br \/>\nBom: Possui alguns micro riscos normais de uso.<br \/>\nRazo\u00e1vel: Marcas aparentes de uso em boa parte do DVD. (Funciona 100%)<br \/>\nN\u00e3o funcional: Com defeito.<\/p>\n<p>ATEN\u00c7\u00c3O !!!<br \/>\n&#8211; Todo envio ocorre via Correio ou via plataforma de vendas, o vendedor n\u00e3o tem responsabilidade sobre prazo de entrega, pre\u00e7o de frete ou rastreio de compras, sendo essas informa\u00e7\u00f5es responsabilidade da plataforma de vendas.<br \/>\n&#8211; Qualquer reclama\u00e7\u00e3o sobre atraso de qualquer natureza ou extravio, contate diretamente a plataforma.<\/p>\n<p>Ao clicar em comprar, o usu\u00e1rio comprador declara estar ciente do conte\u00fado do an\u00fancio, bem como das condi\u00e7\u00f5es mencionadas no mesmo.<\/p>\n","protected":false},"excerpt":{"rendered":"<p>Pac-Man World 2 p\/ Xbox Cl\u00e1ssico Original *** N\u00c3O Compat\u00edvel com os consoles Xbox 360 *** GAME USADO Game Original, NTSC-U (Americano) Funciona nos consoles Xbox Nacionais\/Americanos Completo Disco: EXCELENTE Manual: EXCELENTE Encarte: BOM\/EXCELENTE Caixa: EXCELENTE * Inclui 2 inserts extras *** O item das fotos \u00e9 exatamente o item que voc\u00ea vai receber *** [&hellip;]<\/p>\n","protected":false},"featured_media":6012,"template":"","meta":{"_uag_custom_page_level_css":"","site-sidebar-layout":"default","site-content-layout":"","ast-site-content-layout":"default","site-content-style":"default","site-sidebar-style":"default","ast-global-header-display":"","ast-banner-title-visibility":"","ast-main-header-display":"","ast-hfb-above-header-display":"","ast-hfb-below-header-display":"","ast-hfb-mobile-header-display":"","site-post-title":"","ast-breadcrumbs-content":"","ast-featured-img":"","footer-sml-layout":"","ast-disable-related-posts":"","theme-transparent-header-meta":"default","adv-header-id-meta":"","stick-header-meta":"","header-above-stick-meta":"","header-main-stick-meta":"","header-below-stick-meta":"","astra-migrate-meta-layouts":"set","ast-page-background-enabled":"default","ast-page-background-meta":{"desktop":{"background-color":"","background-image":"","background-repeat":"repeat","background-position":"center center","background-size":"auto","background-attachment":"scroll","background-type":"","background-media":"","overlay-type":"","overlay-color":"","overlay-opacity":"","overlay-gradient":""},"tablet":{"background-color":"","background-image":"","background-repeat":"repeat","background-position":"center center","background-size":"auto","background-attachment":"scroll","background-type":"","background-media":"","overlay-type":"","overlay-color":"","overlay-opacity":"","overlay-gradient":""},"mobile":{"background-color":"","background-image":"","background-repeat":"repeat","background-position":"center center","background-size":"auto","background-attachment":"scroll","background-type":"","background-media":"","overlay-type":"","overlay-color":"","overlay-opacity":"","overlay-gradient":""}},"ast-content-background-meta":{"desktop":{"background-color":"var(--ast-global-color-5)","background-image":"","background-repeat":"repeat","background-position":"center center","background-size":"auto","background-attachment":"scroll","background-type":"","background-media":"","overlay-type":"","overlay-color":"","overlay-opacity":"","overlay-gradient":""},"tablet":{"background-color":"var(--ast-global-color-5)","background-image":"","background-repeat":"repeat","background-position":"center center","background-size":"auto","background-attachment":"scroll","background-type":"","background-media":"","overlay-type":"","overlay-color":"","overlay-opacity":"","overlay-gradient":""},"mobile":{"background-color":"var(--ast-global-color-5)","background-image":"","background-repeat":"repeat","background-position":"center center","background-size":"auto","background-attachment":"scroll","background-type":"","background-media":"","overlay-type":"","overlay-color":"","overlay-opacity":"","overlay-gradient":""}}},"product_brand":[],"product_cat":[15,50],"product_tag":[],"class_list":{"0":"post-5947","1":"product","2":"type-product","3":"status-publish","4":"has-post-thumbnail","6":"product_cat-games","7":"product_cat-xbox","8":"desktop-align-center","9":"tablet-align-center","10":"mobile-align-center","12":"first","13":"instock","14":"shipping-taxable","15":"purchasable","16":"product-type-simple"},"aioseo_notices":[],"uagb_featured_image_src":{"full":["https:\/\/evgmania.com.br\/wp-content\/uploads\/2026\/04\/D_Q_NP_2X_878615-MLB107910515338_032026-E.webp",560,560,false],"thumbnail":["https:\/\/evgmania.com.br\/wp-content\/uploads\/2026\/04\/D_Q_NP_2X_878615-MLB107910515338_032026-E-150x150.webp",150,150,true],"medium":["https:\/\/evgmania.com.br\/wp-content\/uploads\/2026\/04\/D_Q_NP_2X_878615-MLB107910515338_032026-E-300x300.webp",300,300,true],"medium_large":["https:\/\/evgmania.com.br\/wp-content\/uploads\/2026\/04\/D_Q_NP_2X_878615-MLB107910515338_032026-E.webp",560,560,false],"large":["https:\/\/evgmania.com.br\/wp-content\/uploads\/2026\/04\/D_Q_NP_2X_878615-MLB107910515338_032026-E.webp",560,560,false],"1536x1536":["https:\/\/evgmania.com.br\/wp-content\/uploads\/2026\/04\/D_Q_NP_2X_878615-MLB107910515338_032026-E.webp",560,560,false],"2048x2048":["https:\/\/evgmania.com.br\/wp-content\/uploads\/2026\/04\/D_Q_NP_2X_878615-MLB107910515338_032026-E.webp",560,560,false],"woocommerce_thumbnail":["https:\/\/evgmania.com.br\/wp-content\/uploads\/2026\/04\/D_Q_NP_2X_878615-MLB107910515338_032026-E-300x300.webp",300,300,true],"woocommerce_single":["https:\/\/evgmania.com.br\/wp-content\/uploads\/2026\/04\/D_Q_NP_2X_878615-MLB107910515338_032026-E.webp",560,560,false],"woocommerce_gallery_thumbnail":["https:\/\/evgmania.com.br\/wp-content\/uploads\/2026\/04\/D_Q_NP_2X_878615-MLB107910515338_032026-E-100x100.webp",100,100,true]},"uagb_author_info":{"display_name":"fulano detal","author_link":"https:\/\/evgmania.com.br\/?author=0"},"uagb_comment_info":0,"uagb_excerpt":"Pac-Man World 2 p\/ Xbox Cl\u00e1ssico Original *** N\u00c3O Compat\u00edvel com os consoles Xbox 360 *** GAME USADO Game Original, NTSC-U (Americano) Funciona nos consoles Xbox Nacionais\/Americanos Completo Disco: EXCELENTE Manual: EXCELENTE Encarte: BOM\/EXCELENTE Caixa: EXCELENTE * Inclui 2 inserts extras *** O item das fotos \u00e9 exatamente o item que voc\u00ea vai receber ***&hellip;","_links":{"self":[{"href":"https:\/\/evgmania.com.br\/index.php?rest_route=\/wp\/v2\/product\/5947","targetHints":{"allow":["GET"]}}],"collection":[{"href":"https:\/\/evgmania.com.br\/index.php?rest_route=\/wp\/v2\/product"}],"about":[{"href":"https:\/\/evgmania.com.br\/index.php?rest_route=\/wp\/v2\/types\/product"}],"wp:featuredmedia":[{"embeddable":true,"href":"https:\/\/evgmania.com.br\/index.php?rest_route=\/wp\/v2\/media\/6012"}],"wp:attachment":[{"href":"https:\/\/evgmania.com.br\/index.php?rest_route=%2Fwp%2Fv2%2Fmedia&parent=5947"}],"wp:term":[{"taxonomy":"product_brand","embeddable":true,"href":"https:\/\/evgmania.com.br\/index.php?rest_route=%2Fwp%2Fv2%2Fproduct_brand&post=5947"},{"taxonomy":"product_cat","embeddable":true,"href":"https:\/\/evgmania.com.br\/index.php?rest_route=%2Fwp%2Fv2%2Fproduct_cat&post=5947"},{"taxonomy":"product_tag","embeddable":true,"href":"https:\/\/evgmania.com.br\/index.php?rest_route=%2Fwp%2Fv2%2Fproduct_tag&post=5947"}],"curies":[{"name":"wp","href":"https:\/\/api.w.org\/{rel}","templated":true}]}}