{"id":5604,"date":"2026-03-08T18:31:04","date_gmt":"2026-03-08T21:31:04","guid":{"rendered":"https:\/\/evgmania.com.br\/?page_id=5604"},"modified":"2026-03-23T18:46:50","modified_gmt":"2026-03-23T21:46:50","slug":"home","status":"publish","type":"page","link":"https:\/\/evgmania.com.br\/","title":{"rendered":"Home"},"content":{"rendered":"\n<div class=\"wp-block-uagb-container uagb-block-21dddd96 alignfull uagb-is-root-container\"><div class=\"uagb-container-inner-blocks-wrap\">\n<div class=\"wp-block-uagb-container uagb-block-975f9aad\">\n<div class=\"wp-block-uagb-container uagb-block-15eacd6b\">\n<div class=\"wp-block-group is-nowrap is-layout-flex wp-container-core-group-is-layout-6c531013 wp-block-group-is-layout-flex\">\n<p class=\"has-large-font-size\"><strong>Bem-vindo \u00e0 eVGMania !<\/strong><br><br>Games Retro Originais e Usados<\/p>\n\n\n\n<div class=\"wp-block-uagb-container uagb-block-bb0b3297\">\n<div class=\"wp-block-uagb-image alignright uagb-block-fea6e633 wp-block-uagb-image--layout-default wp-block-uagb-image--effect-static wp-block-uagb-image--align-right\"><figure class=\"wp-block-uagb-image__figure\"><img decoding=\"async\" srcset=\"https:\/\/evgmania.com.br\/wp-content\/uploads\/2026\/03\/website_chamada001-1.gif ,https:\/\/evgmania.com.br\/wp-content\/uploads\/2026\/03\/website_chamada001-1.gif 780w, https:\/\/evgmania.com.br\/wp-content\/uploads\/2026\/03\/website_chamada001-1.gif 360w\" sizes=\"auto, (max-width: 480px) 150px\" src=\"https:\/\/evgmania.com.br\/wp-content\/uploads\/2026\/03\/website_chamada001-1.gif\" alt=\"\" class=\"uag-image-5806\" width=\"147\" height=\"150\" title=\"website_chamada001\" loading=\"lazy\" role=\"img\"\/><\/figure><\/div>\n<\/div>\n<\/div>\n\n\n\n<h4 class=\"wp-block-heading\">DESCONTO DE R$25 POR ITEM comprando 2+ at\u00e9 um m\u00e1ximo de 6 games.<br>Ex: Comprando 6 games, vc tem um desconto de R$150,00 !!!<\/h4>\n\n\n\n<p>Pre\u00e7os s\u00e3o os mesmos das plataformas Shopee e ML, por\u00e9m comprando por aqui, vc tem esse desconto de R$25 por game. Existe um limite de no m\u00e1ximo 6 games por compra, para facilitar a integra\u00e7\u00e3o dos sistemas de venda e frete das diferentes transportadoras.<\/p>\n\n\n\n<p>Este site foi criado para oferecer uma alternativa direta de compra para quem j\u00e1 confia no nosso trabalho. Como as plataformas de marketplace cobram taxas e comiss\u00f5es cada vez maiores, conseguimos oferecer condi\u00e7\u00f5es mais interessantes aqui em nosso pr\u00f3prio site \u2014 especialmente para quem realiza pagamento \u00e0 vista.<\/p>\n\n\n\n<p>Ficou na d\u00favida? Me contate no <strong>Whatsapp (51) 99147-2537 &#8211; Estev\u00e3o<\/strong>, e fale diretamente comigo.<br>Consigo oferecer as mesmas condi\u00e7\u00f5es das plataformas digitais sobre devolu\u00e7\u00e3o, garantia, e com nota fiscal.<\/p>\n\n\n\n<div class=\"wp-block-uagb-container uagb-block-ebece3eb\">\n<div class=\"wp-block-uagb-buttons uagb-buttons__outer-wrap uagb-btn__default-btn uagb-btn-tablet__default-btn uagb-btn-mobile__default-btn uagb-block-7c3cc25e\"><div class=\"uagb-buttons__wrap uagb-buttons-layout-wrap \">\n<div class=\"wp-block-uagb-buttons-child uagb-buttons__outer-wrap uagb-block-06d62d4d wp-block-button\"><div class=\"uagb-button__wrapper\"><a class=\"uagb-buttons-repeater wp-block-button__link\" aria-label=\"\" href=\"https:\/\/shopee.com.br\/evgmania\" rel=\"follow noopener\" target=\"_self\" role=\"button\"><div class=\"uagb-button__link\">SHOPEE<\/div><\/a><\/div><\/div>\n\n\n\n<div class=\"wp-block-uagb-buttons-child uagb-buttons__outer-wrap uagb-block-4cfd2d4d wp-block-button\"><div class=\"uagb-button__wrapper\"><a class=\"uagb-buttons-repeater wp-block-button__link\" aria-label=\"\" href=\"https:\/\/lista.mercadolivre.com.br\/_CustId_9850936\" rel=\"follow noopener\" target=\"_self\" role=\"button\"><div class=\"uagb-button__link\">MERCADO LIVRE<\/div><\/a><\/div><\/div>\n<\/div><\/div>\n<\/div>\n\n\n\n<div class=\"wp-block-uagb-container uagb-block-0f82132e\">\n<p class=\"has-text-align-center\">N\u00e3o quer o desconto e quer voltar para os marketplaces ?<br>Clique nos bot\u00f5es acima.<\/p>\n<\/div>\n<\/div>\n<\/div>\n\n\n\n<div class=\"wp-block-uagb-container uagb-block-5044e471\">\n<div class=\"wp-block-uagb-container uagb-block-e178fd13\">\n<figure class=\"wp-block-image aligncenter size-full\"><img loading=\"lazy\" decoding=\"async\" width=\"300\" height=\"450\" src=\"https:\/\/evgmania.com.br\/wp-content\/uploads\/2026\/03\/website_promo_25off.gif\" alt=\"\" class=\"wp-image-5786\"\/><\/figure>\n<\/div>\n<\/div>\n<\/div><\/div>\n\n\n\n<p><\/p>\n","protected":false},"excerpt":{"rendered":"<p>Bem-vindo \u00e0 eVGMania ! Games Retro Originais e Usados DESCONTO DE R$25 POR ITEM comprando 2+ at\u00e9 um m\u00e1ximo de 6 games.Ex: Comprando 6 games, vc tem um desconto de R$150,00 !!! Pre\u00e7os s\u00e3o os mesmos das plataformas Shopee e ML, por\u00e9m comprando por aqui, vc tem esse desconto de R$25 por game. Existe um [&hellip;]<\/p>\n","protected":false},"author":1,"featured_media":0,"parent":0,"menu_order":0,"comment_status":"closed","ping_status":"closed","template":"","meta":{"_uag_custom_page_level_css":"","site-sidebar-layout":"default","site-content-layout":"","ast-site-content-layout":"default","site-content-style":"default","site-sidebar-style":"default","ast-global-header-display":"","ast-banner-title-visibility":"","ast-main-header-display":"","ast-hfb-above-header-display":"","ast-hfb-below-header-display":"","ast-hfb-mobile-header-display":"","site-post-title":"disabled","ast-breadcrumbs-content":"","ast-featured-img":"","footer-sml-layout":"","ast-disable-related-posts":"","theme-transparent-header-meta":"","adv-header-id-meta":"","stick-header-meta":"","header-above-stick-meta":"","header-main-stick-meta":"","header-below-stick-meta":"","astra-migrate-meta-layouts":"set","ast-page-background-enabled":"default","ast-page-background-meta":{"desktop":{"background-color":"","background-image":"","background-repeat":"repeat","background-position":"center center","background-size":"auto","background-attachment":"scroll","background-type":"","background-media":"","overlay-type":"","overlay-color":"","overlay-opacity":"","overlay-gradient":""},"tablet":{"background-color":"","background-image":"","background-repeat":"repeat","background-position":"center center","background-size":"auto","background-attachment":"scroll","background-type":"","background-media":"","overlay-type":"","overlay-color":"","overlay-opacity":"","overlay-gradient":""},"mobile":{"background-color":"","background-image":"","background-repeat":"repeat","background-position":"center center","background-size":"auto","background-attachment":"scroll","background-type":"","background-media":"","overlay-type":"","overlay-color":"","overlay-opacity":"","overlay-gradient":""}},"ast-content-background-meta":{"desktop":{"background-color":"var(--ast-global-color-5)","background-image":"","background-repeat":"repeat","background-position":"center center","background-size":"auto","background-attachment":"scroll","background-type":"","background-media":"","overlay-type":"","overlay-color":"","overlay-opacity":"","overlay-gradient":""},"tablet":{"background-color":"var(--ast-global-color-5)","background-image":"","background-repeat":"repeat","background-position":"center center","background-size":"auto","background-attachment":"scroll","background-type":"","background-media":"","overlay-type":"","overlay-color":"","overlay-opacity":"","overlay-gradient":""},"mobile":{"background-color":"var(--ast-global-color-5)","background-image":"","background-repeat":"repeat","background-position":"center center","background-size":"auto","background-attachment":"scroll","background-type":"","background-media":"","overlay-type":"","overlay-color":"","overlay-opacity":"","overlay-gradient":""}},"footnotes":""},"class_list":["post-5604","page","type-page","status-publish","hentry"],"aioseo_notices":[],"_hostinger_reach_plugin_has_subscription_block":false,"_hostinger_reach_plugin_is_elementor":false,"uagb_featured_image_src":{"full":false,"thumbnail":false,"medium":false,"medium_large":false,"large":false,"1536x1536":false,"2048x2048":false,"woocommerce_thumbnail":false,"woocommerce_single":false,"woocommerce_gallery_thumbnail":false},"uagb_author_info":{"display_name":"fulano detal","author_link":"https:\/\/evgmania.com.br\/?author=1"},"uagb_comment_info":0,"uagb_excerpt":"Bem-vindo \u00e0 eVGMania ! Games Retro Originais e Usados DESCONTO DE R$25 POR ITEM comprando 2+ at\u00e9 um m\u00e1ximo de 6 games.Ex: Comprando 6 games, vc tem um desconto de R$150,00 !!! Pre\u00e7os s\u00e3o os mesmos das plataformas Shopee e ML, por\u00e9m comprando por aqui, vc tem esse desconto de R$25 por game. Existe um&hellip;","_links":{"self":[{"href":"https:\/\/evgmania.com.br\/index.php?rest_route=\/wp\/v2\/pages\/5604","targetHints":{"allow":["GET"]}}],"collection":[{"href":"https:\/\/evgmania.com.br\/index.php?rest_route=\/wp\/v2\/pages"}],"about":[{"href":"https:\/\/evgmania.com.br\/index.php?rest_route=\/wp\/v2\/types\/page"}],"author":[{"embeddable":true,"href":"https:\/\/evgmania.com.br\/index.php?rest_route=\/wp\/v2\/users\/1"}],"replies":[{"embeddable":true,"href":"https:\/\/evgmania.com.br\/index.php?rest_route=%2Fwp%2Fv2%2Fcomments&post=5604"}],"version-history":[{"count":35,"href":"https:\/\/evgmania.com.br\/index.php?rest_route=\/wp\/v2\/pages\/5604\/revisions"}],"predecessor-version":[{"id":5822,"href":"https:\/\/evgmania.com.br\/index.php?rest_route=\/wp\/v2\/pages\/5604\/revisions\/5822"}],"wp:attachment":[{"href":"https:\/\/evgmania.com.br\/index.php?rest_route=%2Fwp%2Fv2%2Fmedia&parent=5604"}],"curies":[{"name":"wp","href":"https:\/\/api.w.org\/{rel}","templated":true}]}}