{"id":3612,"date":"2026-03-08T02:54:57","date_gmt":"2026-03-08T02:54:57","guid":{"rendered":"https:\/\/evgmania.com.br\/about-2\/"},"modified":"2026-03-09T06:07:10","modified_gmt":"2026-03-09T09:07:10","slug":"about-2","status":"publish","type":"page","link":"https:\/\/evgmania.com.br\/?page_id=3612","title":{"rendered":"Sobre N\u00f3s"},"content":{"rendered":"\n<div class=\"wp-block-uagb-container uagb-layout-grid uagb-block-31a3d8e8 alignfull uagb-is-root-container\"><div class=\"uagb-container-inner-blocks-wrap\">\n<div class=\"wp-block-uagb-advanced-heading uagb-block-ad1bed66\"><h2 class=\"uagb-heading-text\">Bem vindo a eVGMania.com.br!<\/h2><p class=\"uagb-desc-text\">Estamos situados em Porto Alegre, Rio Grande do Sul, mas infelizmente n\u00e3o temos loja f\u00edsica, vendemos apenas por meio online.<br>Nossa loja \u00e9 especializada na venda de jogos de videogame usados, sempre com um compromisso claro com qualidade e autenticidade. Trabalhamos exclusivamente com jogos originais, garantindo aos clientes seguran\u00e7a, proced\u00eancia e uma experi\u00eancia confi\u00e1vel em cada compra.<br>Estamos no mercado h\u00e1 mais de 15 anos, atuando em diferentes plataformas digitais e acumulando experi\u00eancia no com\u00e9rcio online de jogos. Ao longo desse tempo, atendemos milhares de jogadores que buscam ampliar suas cole\u00e7\u00f5es ou reviver cl\u00e1ssicos do videogame por um pre\u00e7o mais acess\u00edvel.<br>Atualmente, nossas vendas tamb\u00e9m acontecem nos principais marketplaces do pa\u00eds, como Mercado Livre e Shopee. No entanto, devido ao aumento constante das taxas e comiss\u00f5es cobradas por essas plataformas, decidimos dar um passo importante: criar nosso pr\u00f3prio website.<br>Com nosso site pr\u00f3prio, conseguimos oferecer melhores condi\u00e7\u00f5es, pre\u00e7os mais competitivos e um contato mais direto com nossos clientes. Nosso objetivo continua o mesmo de sempre: facilitar o acesso a bons jogos, com transpar\u00eancia, confian\u00e7a e atendimento de qualidade para a comunidade gamer..<\/p><\/div>\n\n\n\n<div class=\"wp-block-uagb-image uagb-block-bc8225a8 wp-block-uagb-image--layout-default wp-block-uagb-image--effect-static wp-block-uagb-image--align-none\"><figure class=\"wp-block-uagb-image__figure\"><img decoding=\"async\" srcset=\"https:\/\/evgmania.com.br\/wp-content\/uploads\/2026\/03\/website_sobre_001.jpg ,https:\/\/evgmania.com.br\/wp-content\/uploads\/2026\/03\/website_sobre_001.jpg 780w, https:\/\/evgmania.com.br\/wp-content\/uploads\/2026\/03\/website_sobre_001.jpg 360w\" sizes=\"auto, (max-width: 480px) 150px\" src=\"https:\/\/evgmania.com.br\/wp-content\/uploads\/2026\/03\/website_sobre_001.jpg\" alt=\"website sobre 001\" class=\"uag-image-5542\" width=\"580\" height=\"399\" title=\"website sobre 001\" loading=\"lazy\" role=\"img\"\/><\/figure><\/div>\n<\/div><\/div>\n\n\n\n<div class=\"wp-block-uagb-container uagb-block-96eb9c65 alignfull uagb-is-root-container\"><div class=\"uagb-container-inner-blocks-wrap\">\n<div class=\"wp-block-uagb-image aligncenter uagb-block-c1d734b6 wp-block-uagb-image--layout-default wp-block-uagb-image--effect-static wp-block-uagb-image--align-center\"><figure class=\"wp-block-uagb-image__figure\"><img decoding=\"async\" srcset=\"https:\/\/evgmania.com.br\/wp-content\/uploads\/2026\/03\/website_sobre_003-2.gif ,https:\/\/evgmania.com.br\/wp-content\/uploads\/2026\/03\/website_sobre_003-2.gif 780w, https:\/\/evgmania.com.br\/wp-content\/uploads\/2026\/03\/website_sobre_003-2.gif 360w\" sizes=\"auto, (max-width: 480px) 150px\" src=\"https:\/\/evgmania.com.br\/wp-content\/uploads\/2026\/03\/website_sobre_003-2.gif\" alt=\"website sobre 003\" class=\"uag-image-5552\" width=\"560\" height=\"130\" title=\"website sobre 003\" loading=\"lazy\" role=\"img\"\/><\/figure><\/div>\n<\/div><\/div>\n\n\n\n<div class=\"wp-block-uagb-container uagb-layout-flex uagb-block-fcd81faf alignfull uagb-is-root-container\"><div class=\"uagb-container-inner-blocks-wrap\">\n<div class=\"wp-block-uagb-container uagb-block-6e6830f6\">\n<div class=\"wp-block-uagb-advanced-heading uagb-block-ffc78a46\"><h4 class=\"uagb-heading-text\">N\u00fameros da nossa loja na Shopee !<\/h4><\/div>\n<\/div>\n\n\n\n<div class=\"wp-block-uagb-container uagb-layout-grid uagb-block-4b1db345\">\n<div class=\"wp-block-uagb-counter uagb-block-1ab3f146 wp-block-uagb-counter--number\"><div class=\"wp-block-uagb-counter__number\"><span class=\"uagb-counter-block-number\" data-duration=\"1.5\" data-to-value=\"4000\" data-from-value=\"4800\" data-delimiter=\",\"><\/span><span class=\"uagb-counter-block-suffix\">+<\/span><\/div><div class=\"wp-block-uagb-counter__title\">Avalia\u00e7\u00f5es<\/div><\/div>\n\n\n\n<div class=\"wp-block-uagb-counter uagb-block-a06576e0 wp-block-uagb-counter--number\"><div class=\"wp-block-uagb-counter__number\"><span class=\"uagb-counter-block-number\" data-duration=\"1.5\" data-to-value=\"5\" data-from-value=\"0\" data-delimiter=\",\"><\/span><span class=\"uagb-counter-block-suffix\">*<\/span><\/div><div class=\"wp-block-uagb-counter__title\">Avalia\u00e7\u00e3o m\u00e1xima (melhor que as lojas oficiais da plataforma)<\/div><\/div>\n\n\n\n<div class=\"wp-block-uagb-counter uagb-block-ce7cbd39 wp-block-uagb-counter--number\"><div class=\"wp-block-uagb-counter__number\"><span class=\"uagb-counter-block-number\" data-duration=\"1.5\" data-to-value=\"1600\" data-from-value=\"0\" data-delimiter=\",\"><\/span><span class=\"uagb-counter-block-suffix\">+<\/span><\/div><div class=\"wp-block-uagb-counter__title\">Games diferentes cadastrados<\/div><\/div>\n<\/div>\n<\/div><\/div>\n\n\n\n<p><\/p>\n","protected":false},"excerpt":{"rendered":"<p>Bem vindo a eVGMania.com.br! Estamos situados em Porto Alegre, Rio Grande do Sul, mas infelizmente n\u00e3o temos loja f\u00edsica, vendemos apenas por meio online.Nossa loja \u00e9 especializada na venda de jogos de videogame usados, sempre com um compromisso claro com qualidade e autenticidade. Trabalhamos exclusivamente com jogos originais, garantindo aos clientes seguran\u00e7a, proced\u00eancia e uma [&hellip;]<\/p>\n","protected":false},"author":1,"featured_media":0,"parent":0,"menu_order":0,"comment_status":"closed","ping_status":"closed","template":"","meta":{"_uag_custom_page_level_css":"","site-sidebar-layout":"no-sidebar","site-content-layout":"plain-container","ast-site-content-layout":"full-width-container","site-content-style":"unboxed","site-sidebar-style":"unboxed","ast-global-header-display":"","ast-banner-title-visibility":"","ast-main-header-display":"","ast-hfb-above-header-display":"","ast-hfb-below-header-display":"","ast-hfb-mobile-header-display":"","site-post-title":"disabled","ast-breadcrumbs-content":"","ast-featured-img":"disabled","footer-sml-layout":"","ast-disable-related-posts":"","theme-transparent-header-meta":"enabled","adv-header-id-meta":"","stick-header-meta":"","header-above-stick-meta":"","header-main-stick-meta":"","header-below-stick-meta":"","astra-migrate-meta-layouts":"set","ast-page-background-enabled":"default","ast-page-background-meta":{"desktop":{"background-color":"","background-image":"","background-repeat":"repeat","background-position":"center center","background-size":"auto","background-attachment":"scroll","background-type":"","background-media":"","overlay-type":"","overlay-color":"","overlay-opacity":"","overlay-gradient":""},"tablet":{"background-color":"","background-image":"","background-repeat":"repeat","background-position":"center center","background-size":"auto","background-attachment":"scroll","background-type":"","background-media":"","overlay-type":"","overlay-color":"","overlay-opacity":"","overlay-gradient":""},"mobile":{"background-color":"","background-image":"","background-repeat":"repeat","background-position":"center center","background-size":"auto","background-attachment":"scroll","background-type":"","background-media":"","overlay-type":"","overlay-color":"","overlay-opacity":"","overlay-gradient":""}},"ast-content-background-meta":{"desktop":{"background-color":"var(--ast-global-color-5)","background-image":"","background-repeat":"repeat","background-position":"center center","background-size":"auto","background-attachment":"scroll","background-type":"","background-media":"","overlay-type":"","overlay-color":"","overlay-opacity":"","overlay-gradient":""},"tablet":{"background-color":"var(--ast-global-color-5)","background-image":"","background-repeat":"repeat","background-position":"center center","background-size":"auto","background-attachment":"scroll","background-type":"","background-media":"","overlay-type":"","overlay-color":"","overlay-opacity":"","overlay-gradient":""},"mobile":{"background-color":"var(--ast-global-color-5)","background-image":"","background-repeat":"repeat","background-position":"center center","background-size":"auto","background-attachment":"scroll","background-type":"","background-media":"","overlay-type":"","overlay-color":"","overlay-opacity":"","overlay-gradient":""}},"footnotes":""},"class_list":["post-3612","page","type-page","status-publish","hentry"],"aioseo_notices":[],"_hostinger_reach_plugin_has_subscription_block":false,"_hostinger_reach_plugin_is_elementor":false,"uagb_featured_image_src":{"full":false,"thumbnail":false,"medium":false,"medium_large":false,"large":false,"1536x1536":false,"2048x2048":false,"woocommerce_thumbnail":false,"woocommerce_single":false,"woocommerce_gallery_thumbnail":false},"uagb_author_info":{"display_name":"fulano detal","author_link":"https:\/\/evgmania.com.br\/?author=1"},"uagb_comment_info":0,"uagb_excerpt":"Bem vindo a eVGMania.com.br! Estamos situados em Porto Alegre, Rio Grande do Sul, mas infelizmente n\u00e3o temos loja f\u00edsica, vendemos apenas por meio online.Nossa loja \u00e9 especializada na venda de jogos de videogame usados, sempre com um compromisso claro com qualidade e autenticidade. Trabalhamos exclusivamente com jogos originais, garantindo aos clientes seguran\u00e7a, proced\u00eancia e uma&hellip;","_links":{"self":[{"href":"https:\/\/evgmania.com.br\/index.php?rest_route=\/wp\/v2\/pages\/3612","targetHints":{"allow":["GET"]}}],"collection":[{"href":"https:\/\/evgmania.com.br\/index.php?rest_route=\/wp\/v2\/pages"}],"about":[{"href":"https:\/\/evgmania.com.br\/index.php?rest_route=\/wp\/v2\/types\/page"}],"author":[{"embeddable":true,"href":"https:\/\/evgmania.com.br\/index.php?rest_route=\/wp\/v2\/users\/1"}],"replies":[{"embeddable":true,"href":"https:\/\/evgmania.com.br\/index.php?rest_route=%2Fwp%2Fv2%2Fcomments&post=3612"}],"version-history":[{"count":24,"href":"https:\/\/evgmania.com.br\/index.php?rest_route=\/wp\/v2\/pages\/3612\/revisions"}],"predecessor-version":[{"id":5710,"href":"https:\/\/evgmania.com.br\/index.php?rest_route=\/wp\/v2\/pages\/3612\/revisions\/5710"}],"wp:attachment":[{"href":"https:\/\/evgmania.com.br\/index.php?rest_route=%2Fwp%2Fv2%2Fmedia&parent=3612"}],"curies":[{"name":"wp","href":"https:\/\/api.w.org\/{rel}","templated":true}]}}